{"id":4169,"date":"2021-06-25T17:44:40","date_gmt":"2021-06-25T15:44:40","guid":{"rendered":"https:\/\/devsite.almarise.com\/career\/current-job-offers\/"},"modified":"2022-12-20T12:49:39","modified_gmt":"2022-12-20T11:49:39","slug":"aktualne-oferty-pracy","status":"publish","type":"page","link":"https:\/\/devsite.almarise.com\/pl\/career\/aktualne-oferty-pracy\/","title":{"rendered":"Aktualne oferty pracy"},"content":{"rendered":"<div class=\"fusion-fullwidth fullwidth-box fusion-builder-row-1 fusion-flex-container nonhundred-percent-fullwidth non-hundred-percent-height-scrolling\" style=\"--awb-border-radius-top-left:0px;--awb-border-radius-top-right:0px;--awb-border-radius-bottom-right:0px;--awb-border-radius-bottom-left:0px;--awb-flex-wrap:wrap;\" ><div class=\"fusion-builder-row fusion-row fusion-flex-align-items-flex-start fusion-flex-content-wrap\" style=\"max-width:1248px;margin-left: calc(-4% \/ 2 );margin-right: calc(-4% \/ 2 );\"><div class=\"fusion-layout-column fusion_builder_column fusion-builder-column-0 fusion_builder_column_1_1 1_1 fusion-flex-column\" style=\"--awb-bg-size:cover;--awb-width-large:100%;--awb-margin-top-large:0px;--awb-spacing-right-large:1.92%;--awb-margin-bottom-large:0px;--awb-spacing-left-large:1.92%;--awb-width-medium:100%;--awb-spacing-right-medium:1.92%;--awb-spacing-left-medium:1.92%;--awb-width-small:100%;--awb-spacing-right-small:1.92%;--awb-spacing-left-small:1.92%;\"><div class=\"fusion-column-wrapper fusion-flex-justify-content-flex-start fusion-content-layout-column\"><div class=\"accordian fusion-accordian\" style=\"--awb-border-size:1px;--awb-icon-size:16px;--awb-content-font-size:var(--awb-typography4-font-size);--awb-content-text-transform:none;--awb-icon-alignment:left;--awb-hover-color:var(--awb-color2);--awb-border-color:var(--awb-color3);--awb-background-color:var(--awb-color1);--awb-divider-color:var(--awb-color3);--awb-divider-hover-color:var(--awb-color3);--awb-icon-color:var(--awb-color1);--awb-title-color:#333333;--awb-content-color:#646464;--awb-icon-box-color:var(--awb-color8);--awb-toggle-hover-accent-color:var(--awb-color5);--awb-title-font-family:&quot;MagistralD&quot;;--awb-title-font-weight:400;--awb-title-font-style:normal;--awb-title-font-size:16px;--awb-content-font-family:&quot;MagistralD&quot;;--awb-content-font-style:normal;--awb-content-font-weight:400;\"><div class=\"panel-group fusion-toggle-icon-boxed\" id=\"accordion-4169-1\"><div class=\"fusion-panel panel-default panel-fb8a871bac6857e64 fusion-toggle-has-divider\" style=\"--awb-content-font-family:&quot;MagistralD&quot;;--awb-content-font-style:normal;--awb-content-font-weight:400;--awb-title-font-family:&quot;MagistralD&quot;;--awb-title-font-weight:400;--awb-title-font-style:normal;--awb-title-color:#333333;\"><div class=\"panel-heading\"><h4 class=\"panel-title toggle\" id=\"toggle_fb8a871bac6857e64\"><a aria-expanded=\"false\" aria-controls=\"fb8a871bac6857e64\" role=\"button\" data-toggle=\"collapse\" data-parent=\"#accordion-4169-1\" data-target=\"#fb8a871bac6857e64\" href=\"#fb8a871bac6857e64\"><span class=\"fusion-toggle-icon-wrapper\" aria-hidden=\"true\"><i class=\"fa-fusion-box active-icon awb-icon-minus\" aria-hidden=\"true\"><\/i><i class=\"fa-fusion-box inactive-icon awb-icon-plus\" aria-hidden=\"true\"><\/i><\/span><span class=\"fusion-toggle-heading\">Konsultant ds. wdro\u017ce\u0144 oprogramowania<\/span><\/a><\/h4><\/div><div id=\"fb8a871bac6857e64\" class=\"panel-collapse collapse \" aria-labelledby=\"toggle_fb8a871bac6857e64\"><div class=\"panel-body toggle-content fusion-clearfix\">\n<p>Miejsce: Warszawa<\/p>\n<p>Wymiar Pe\u0142ny etat<\/p>\n<p>Rodzaj: Praca zdalna \/ hybrydowa<\/p>\n<p>Rodzaj umowy: Umowa o prac\u0119 \/ B2B \/ umowa zlecenia<\/p>\n<p>Czas rozpocz\u0119cia: Od zaraz<\/p>\n<p><strong>Zakres obowi\u0105zk\u00f3w<\/strong><\/p>\n<ul>\n<li>Realizacja wdro\u017ce\u0144 oprogramowania Atlassian (Jira, Confluence i inne)<\/li>\n<li>Dostosowywanie produkt\u00f3w do wymaga\u0144 Klient\u00f3w przez tworzenie skrypt\u00f3w i automatyzacji<\/li>\n<li>Optymalizacja proces\u00f3w biznesowych w obszarach Agile, ITSM, DevOps<\/li>\n<li>Wsp\u00f3\u0142praca z klientem podczas zbierania wymaga\u0144<\/li>\n<li>Wsp\u00f3\u0142praca z zespo\u0142em programist\u00f3w i konsultant\u00f3w<\/li>\n<li>Administrowanie systemami naszych klient\u00f3w i naszymi<\/li>\n<li>Tworzenie dokumentacji wdro\u017ceniowej w j\u0119zyku polskim i angielskim<\/li>\n<\/ul>\n<p><strong>Wymagania<\/strong><\/p>\n<ul>\n<li>Otwarty umys\u0142 i umiej\u0119tno\u015b\u0107 pracy w zespole<\/li>\n<li>Podstawowe umiej\u0119tno\u015bci tworzenia oprogramowania i znajomo\u015b\u0107 co najmniej jednego j\u0119zyka obiektowego (Java\/C#\/Python\/C++)<\/li>\n<li>Zdolno\u015b\u0107 my\u015blenia analitycznego, nastawienie na rozwi\u0105zywanie problem\u00f3w oraz rzetelne podchodzenie do spraw<\/li>\n<li>Znajomo\u015b\u0107 na poziomie u\u017cytkownika co najmniej jednego produktu. Atlassian (JIRA, Confluence) lub jednego z rozwi\u0105za\u0144 konkurencyjnych (Redmine, Asana, Monday, itp.)<\/li>\n<li>Dobra znajomo\u015b\u0107 angielskiego (na poziomie co najmniej B2)<\/li>\n<li>Bieg\u0142a znajomo\u015b\u0107 polskiego<\/li>\n<li>Do\u015bwiadczenie przy realizacji projekt\u00f3w informatycznych<\/li>\n<li>Znajomo\u015b\u0107 takich standard\u00f3w jak ITIL, SCRUM, DevOps\/SysOps<\/li>\n<li>Znajomo\u015b\u0107 podstaw JavaScript i REST API<\/li>\n<li>Znajomo\u015b\u0107 podstaw wirtualizacji oraz rozwi\u0105za\u0144 chmurowych (AWS, Azure) lub administracji systemami Linux<\/li>\n<\/ul>\n<p><strong>Oferujemy<\/strong><\/p>\n<ul>\n<li>Mo\u017cliwo\u015b\u0107 pracy zdalnej z dowolnej lokalizacji<\/li>\n<li>Dla os\u00f3b z Warszawy dobr\u0105 lokalizacj\u0119 biura w Warszawie<\/li>\n<li>Uczciwe i satysfakcjonuj\u0105ce wynagrodzenie<\/li>\n<li>ELASTYCZNO\u015a\u0106! Czyli form\u0119 wsp\u00f3\u0142pracy jak\u0105 chcesz, mo\u017cliwe do dostosowania do siebie godziny pracy<\/li>\n<li>Udzia\u0142 w ciekawych, mi\u0119dzynarodowych projektach dla du\u017cych i mniejszych klient\u00f3w<\/li>\n<li>Bli\u017csze i dalsze podr\u00f3\u017ce s\u0142u\u017cbowe<\/li>\n<li>Udzia\u0142 w mi\u0119dzynarodowych szkoleniach i konferencjach<\/li>\n<li>Brak wy\u015bcigu gryzoni i mo\u017cliwo\u015b\u0107 bycia sob\u0105:)<\/li>\n<li>Opiek\u0119 mentora i wsparcie zespo\u0142u \u2013 ca\u0142y czas b\u0119dziesz mie\u0107 dla siebie wsparcie<\/li>\n<\/ul>\n<p>Je\u015bli zainteresowa\u0142a Ci\u0119 ta oferta pracy, wy\u015blij swoje CV na kariera [at] almarise.com<\/p>\n<\/div><\/div><\/div><\/div><\/div><\/div><\/div><\/div><\/div>\n","protected":false},"excerpt":{"rendered":"","protected":false},"author":2,"featured_media":0,"parent":4166,"menu_order":0,"comment_status":"closed","ping_status":"closed","template":"","meta":{"inline_featured_image":false,"footnotes":""},"class_list":["post-4169","page","type-page","status-publish","hentry"],"yoast_head":"<!-- This site is optimized with the Yoast SEO Premium plugin v24.5 (Yoast SEO v24.9) - https:\/\/yoast.com\/wordpress\/plugins\/seo\/ -->\n<title>Aktualne oferty pracy - Almarise<\/title>\n<meta name=\"description\" content=\"Do\u0142\u0105cz do zespo\u0142u Almarise! Czekamy na Twoje zg\u0142oszenie.\" \/>\n<meta name=\"robots\" content=\"noindex, follow, max-snippet:-1, max-image-preview:large, max-video-preview:-1\" \/>\n<meta property=\"og:locale\" content=\"pl_PL\" \/>\n<meta property=\"og:type\" content=\"article\" \/>\n<meta property=\"og:title\" content=\"Aktualne oferty pracy\" \/>\n<meta property=\"og:description\" content=\"Do\u0142\u0105cz do zespo\u0142u Almarise! Czekamy na Twoje zg\u0142oszenie.\" \/>\n<meta property=\"og:url\" content=\"https:\/\/devsite.almarise.com\/pl\/career\/aktualne-oferty-pracy\/\" \/>\n<meta property=\"og:site_name\" content=\"Almarise\" \/>\n<meta property=\"article:publisher\" content=\"https:\/\/www.facebook.com\/CompanyAlmarise\/\" \/>\n<meta property=\"article:modified_time\" content=\"2022-12-20T11:49:39+00:00\" \/>\n<meta name=\"twitter:card\" content=\"summary_large_image\" \/>\n<meta name=\"twitter:site\" content=\"@CompanyAlmarise\" \/>\n<meta name=\"twitter:label1\" content=\"Szacowany czas czytania\" \/>\n\t<meta name=\"twitter:data1\" content=\"4 minuty\" \/>\n<script type=\"application\/ld+json\" class=\"yoast-schema-graph\">{\"@context\":\"https:\/\/schema.org\",\"@graph\":[{\"@type\":\"WebPage\",\"@id\":\"https:\/\/devsite.almarise.com\/pl\/career\/aktualne-oferty-pracy\/\",\"url\":\"https:\/\/devsite.almarise.com\/pl\/career\/aktualne-oferty-pracy\/\",\"name\":\"Aktualne oferty pracy - Almarise\",\"isPartOf\":{\"@id\":\"https:\/\/devsite.almarise.com\/pl\/#website\"},\"datePublished\":\"2021-06-25T15:44:40+00:00\",\"dateModified\":\"2022-12-20T11:49:39+00:00\",\"description\":\"Do\u0142\u0105cz do zespo\u0142u Almarise! Czekamy na Twoje zg\u0142oszenie.\",\"breadcrumb\":{\"@id\":\"https:\/\/devsite.almarise.com\/pl\/career\/aktualne-oferty-pracy\/#breadcrumb\"},\"inLanguage\":\"pl-PL\",\"potentialAction\":[{\"@type\":\"ReadAction\",\"target\":[\"https:\/\/devsite.almarise.com\/pl\/career\/aktualne-oferty-pracy\/\"]}]},{\"@type\":\"BreadcrumbList\",\"@id\":\"https:\/\/devsite.almarise.com\/pl\/career\/aktualne-oferty-pracy\/#breadcrumb\",\"itemListElement\":[{\"@type\":\"ListItem\",\"position\":1,\"name\":\"Home\",\"item\":\"https:\/\/devsite.almarise.com\/pl\/\"},{\"@type\":\"ListItem\",\"position\":2,\"name\":\"Kariera\",\"item\":\"https:\/\/devsite.almarise.com\/pl\/career\/\"},{\"@type\":\"ListItem\",\"position\":3,\"name\":\"Aktualne oferty pracy\"}]},{\"@type\":\"WebSite\",\"@id\":\"https:\/\/devsite.almarise.com\/pl\/#website\",\"url\":\"https:\/\/devsite.almarise.com\/pl\/\",\"name\":\"Almarise\",\"description\":\"Your Amazing Atlassian Experts\",\"publisher\":{\"@id\":\"https:\/\/devsite.almarise.com\/pl\/#organization\"},\"potentialAction\":[{\"@type\":\"SearchAction\",\"target\":{\"@type\":\"EntryPoint\",\"urlTemplate\":\"https:\/\/devsite.almarise.com\/pl\/?s={search_term_string}\"},\"query-input\":{\"@type\":\"PropertyValueSpecification\",\"valueRequired\":true,\"valueName\":\"search_term_string\"}}],\"inLanguage\":\"pl-PL\"},{\"@type\":\"Organization\",\"@id\":\"https:\/\/devsite.almarise.com\/pl\/#organization\",\"name\":\"Almarise\",\"url\":\"https:\/\/devsite.almarise.com\/pl\/\",\"logo\":{\"@type\":\"ImageObject\",\"inLanguage\":\"pl-PL\",\"@id\":\"https:\/\/devsite.almarise.com\/pl\/#\/schema\/logo\/image\/\",\"url\":\"https:\/\/devsite.almarise.com\/wp-content\/uploads\/2022\/03\/logo-almarise-favicon.png\",\"contentUrl\":\"https:\/\/devsite.almarise.com\/wp-content\/uploads\/2022\/03\/logo-almarise-favicon.png\",\"width\":150,\"height\":150,\"caption\":\"Almarise\"},\"image\":{\"@id\":\"https:\/\/devsite.almarise.com\/pl\/#\/schema\/logo\/image\/\"},\"sameAs\":[\"https:\/\/www.facebook.com\/CompanyAlmarise\/\",\"https:\/\/x.com\/CompanyAlmarise\",\"https:\/\/www.youtube.com\/@almarisecompany\",\"https:\/\/www.instagram.com\/almarise_almarise\/\"]}]}<\/script>\n<!-- \/ Yoast SEO Premium plugin. -->","yoast_head_json":{"title":"Aktualne oferty pracy - Almarise","description":"Do\u0142\u0105cz do zespo\u0142u Almarise! Czekamy na Twoje zg\u0142oszenie.","robots":{"index":"noindex","follow":"follow","max-snippet":"max-snippet:-1","max-image-preview":"max-image-preview:large","max-video-preview":"max-video-preview:-1"},"og_locale":"pl_PL","og_type":"article","og_title":"Aktualne oferty pracy","og_description":"Do\u0142\u0105cz do zespo\u0142u Almarise! Czekamy na Twoje zg\u0142oszenie.","og_url":"https:\/\/devsite.almarise.com\/pl\/career\/aktualne-oferty-pracy\/","og_site_name":"Almarise","article_publisher":"https:\/\/www.facebook.com\/CompanyAlmarise\/","article_modified_time":"2022-12-20T11:49:39+00:00","twitter_card":"summary_large_image","twitter_site":"@CompanyAlmarise","twitter_misc":{"Szacowany czas czytania":"4 minuty"},"schema":{"@context":"https:\/\/schema.org","@graph":[{"@type":"WebPage","@id":"https:\/\/devsite.almarise.com\/pl\/career\/aktualne-oferty-pracy\/","url":"https:\/\/devsite.almarise.com\/pl\/career\/aktualne-oferty-pracy\/","name":"Aktualne oferty pracy - Almarise","isPartOf":{"@id":"https:\/\/devsite.almarise.com\/pl\/#website"},"datePublished":"2021-06-25T15:44:40+00:00","dateModified":"2022-12-20T11:49:39+00:00","description":"Do\u0142\u0105cz do zespo\u0142u Almarise! Czekamy na Twoje zg\u0142oszenie.","breadcrumb":{"@id":"https:\/\/devsite.almarise.com\/pl\/career\/aktualne-oferty-pracy\/#breadcrumb"},"inLanguage":"pl-PL","potentialAction":[{"@type":"ReadAction","target":["https:\/\/devsite.almarise.com\/pl\/career\/aktualne-oferty-pracy\/"]}]},{"@type":"BreadcrumbList","@id":"https:\/\/devsite.almarise.com\/pl\/career\/aktualne-oferty-pracy\/#breadcrumb","itemListElement":[{"@type":"ListItem","position":1,"name":"Home","item":"https:\/\/devsite.almarise.com\/pl\/"},{"@type":"ListItem","position":2,"name":"Kariera","item":"https:\/\/devsite.almarise.com\/pl\/career\/"},{"@type":"ListItem","position":3,"name":"Aktualne oferty pracy"}]},{"@type":"WebSite","@id":"https:\/\/devsite.almarise.com\/pl\/#website","url":"https:\/\/devsite.almarise.com\/pl\/","name":"Almarise","description":"Your Amazing Atlassian Experts","publisher":{"@id":"https:\/\/devsite.almarise.com\/pl\/#organization"},"potentialAction":[{"@type":"SearchAction","target":{"@type":"EntryPoint","urlTemplate":"https:\/\/devsite.almarise.com\/pl\/?s={search_term_string}"},"query-input":{"@type":"PropertyValueSpecification","valueRequired":true,"valueName":"search_term_string"}}],"inLanguage":"pl-PL"},{"@type":"Organization","@id":"https:\/\/devsite.almarise.com\/pl\/#organization","name":"Almarise","url":"https:\/\/devsite.almarise.com\/pl\/","logo":{"@type":"ImageObject","inLanguage":"pl-PL","@id":"https:\/\/devsite.almarise.com\/pl\/#\/schema\/logo\/image\/","url":"https:\/\/devsite.almarise.com\/wp-content\/uploads\/2022\/03\/logo-almarise-favicon.png","contentUrl":"https:\/\/devsite.almarise.com\/wp-content\/uploads\/2022\/03\/logo-almarise-favicon.png","width":150,"height":150,"caption":"Almarise"},"image":{"@id":"https:\/\/devsite.almarise.com\/pl\/#\/schema\/logo\/image\/"},"sameAs":["https:\/\/www.facebook.com\/CompanyAlmarise\/","https:\/\/x.com\/CompanyAlmarise","https:\/\/www.youtube.com\/@almarisecompany","https:\/\/www.instagram.com\/almarise_almarise\/"]}]}},"_links":{"self":[{"href":"https:\/\/devsite.almarise.com\/pl\/wp-json\/wp\/v2\/pages\/4169","targetHints":{"allow":["GET"]}}],"collection":[{"href":"https:\/\/devsite.almarise.com\/pl\/wp-json\/wp\/v2\/pages"}],"about":[{"href":"https:\/\/devsite.almarise.com\/pl\/wp-json\/wp\/v2\/types\/page"}],"author":[{"embeddable":true,"href":"https:\/\/devsite.almarise.com\/pl\/wp-json\/wp\/v2\/users\/2"}],"replies":[{"embeddable":true,"href":"https:\/\/devsite.almarise.com\/pl\/wp-json\/wp\/v2\/comments?post=4169"}],"version-history":[{"count":2,"href":"https:\/\/devsite.almarise.com\/pl\/wp-json\/wp\/v2\/pages\/4169\/revisions"}],"predecessor-version":[{"id":7829,"href":"https:\/\/devsite.almarise.com\/pl\/wp-json\/wp\/v2\/pages\/4169\/revisions\/7829"}],"up":[{"embeddable":true,"href":"https:\/\/devsite.almarise.com\/pl\/wp-json\/wp\/v2\/pages\/4166"}],"wp:attachment":[{"href":"https:\/\/devsite.almarise.com\/pl\/wp-json\/wp\/v2\/media?parent=4169"}],"curies":[{"name":"wp","href":"https:\/\/api.w.org\/{rel}","templated":true}]}}